{"id":49695,"date":"2025-01-01T10:43:13","date_gmt":"2025-01-01T10:43:13","guid":{"rendered":"https:\/\/eggers-wp-shop2.mission-webstyle.de\/?product=amboss-handschere-gs02-a"},"modified":"2025-01-30T12:39:41","modified_gmt":"2025-01-30T12:39:41","slug":"amboss-handschere-gs02-a","status":"publish","type":"product","link":"https:\/\/eggers-wp-shop2.mission-webstyle.de\/?product=amboss-handschere-gs02-a","title":{"rendered":"Amboss-Handschere GS02-A"},"content":{"rendered":"<div class=\"product-detail-ordernumber-container\"><span class=\"product-detail-ordernumber-label\"><strong>Produktnummer:<\/strong>\u00a0<\/span><span class=\"product-detail-ordernumber\">087540000004<\/span><\/div>\n<div class=\"product-detail-manufacturer-number-container\"><span class=\"product-detail-manufacturer-number-label\"><strong>Herstellernummer:<\/strong>\u00a0<\/span><span class=\"product-detail-manufacturer-number\">7540000004<\/span><\/div>\n<div><\/div>\n<div>\n<table border=\"1\" cellspacing=\"1\" cellpadding=\"0\">\n<tbody>\n<tr>\n<td valign=\"top\">Schnittleistung Ast-? ( mm )<\/td>\n<td valign=\"top\">12\/24<\/td>\n<\/tr>\n<tr>\n<td valign=\"top\">Beschreibung<\/td>\n<td valign=\"top\">&#8211; leichter Schneidevorgang durch ziehenden Schnitt<\/p>\n<p>&#8211; Schneide mit Antihaftbeschichtung f\u00fcr minimale Reibungskr\u00e4fte<\/p>\n<p>&#8211; ideal f\u00fcr Rechts-\/ und Linksh\u00e4nder<\/p>\n<p>&#8211; Glasfaserverst\u00e4rkte Kunstoffgriffe<\/p>\n<p>&#8211; einstellbare Griff\u00f6ffnung f\u00fcr kleine und gro\u00dfe Handfl\u00e4chen<\/p>\n<p>&#8211; ideal zum schnellen Schneiden kleiner \u00c4ste, sowie kr\u00e4ftiges Schneiden dicken \u00c4sten<\/p>\n<p>&#8211; oberer Griff mit rutschhemmender Oberfl\u00e4che f\u00fcr sicheren Halt<\/p>\n<p>&#8211; Einhand-Sicherheitsverschluss<\/td>\n<\/tr>\n<tr>\n<td valign=\"top\">L\u00e4nge ( mm )<\/td>\n<td valign=\"top\">210<\/td>\n<\/tr>\n<tr>\n<td valign=\"top\">Ausf\u00fchrung<\/td>\n<td valign=\"top\">zum Schneiden von\u00a0trockenen Blumen und Zweigen<\/td>\n<\/tr>\n<\/tbody>\n<\/table>\n<\/div>\n","protected":false},"excerpt":{"rendered":"<p>Produktnummer:\u00a0087540000004 Herstellernummer:\u00a07540000004 Schnittleistung Ast-? ( mm ) 12\/24 Beschreibung &#8211; leichter Schneidevorgang durch ziehenden Schnitt &#8211; Schneide mit Antihaftbeschichtung f\u00fcr minimale Reibungskr\u00e4fte &#8211; ideal f\u00fcr Rechts-\/ und Linksh\u00e4nder &#8211; Glasfaserverst\u00e4rkte Kunstoffgriffe &#8211; einstellbare Griff\u00f6ffnung f\u00fcr kleine und gro\u00dfe Handfl\u00e4chen &#8211; ideal zum schnellen Schneiden kleiner \u00c4ste, sowie kr\u00e4ftiges Schneiden dicken \u00c4sten &#8211; oberer Griff mit [&hellip;]<\/p>\n","protected":false},"featured_media":173735,"comment_status":"closed","ping_status":"closed","template":"","meta":[],"product_cat":[41],"product_tag":[],"class_list":{"0":"post-49695","1":"product","2":"type-product","3":"status-publish","4":"has-post-thumbnail","6":"product_cat-bestandsabfragen","8":"first","9":"instock","10":"sale","11":"purchasable","12":"product-type-simple"},"yoast_head":"<!-- This site is optimized with the Yoast SEO plugin v24.9 - https:\/\/yoast.com\/wordpress\/plugins\/seo\/ -->\n<title>Amboss-Handschere GS02-A - Eggers Testshop<\/title>\n<meta name=\"robots\" content=\"noindex, follow, max-snippet:-1, max-image-preview:large, max-video-preview:-1\" \/>\n<meta property=\"og:locale\" content=\"de_DE\" \/>\n<meta property=\"og:type\" content=\"article\" \/>\n<meta property=\"og:title\" content=\"Amboss-Handschere GS02-A - Eggers Testshop\" \/>\n<meta property=\"og:description\" content=\"Produktnummer:\u00a0087540000004 Herstellernummer:\u00a07540000004 Schnittleistung Ast-? ( mm ) 12\/24 Beschreibung &#8211; leichter Schneidevorgang durch ziehenden Schnitt &#8211; Schneide mit Antihaftbeschichtung f\u00fcr minimale Reibungskr\u00e4fte &#8211; ideal f\u00fcr Rechts-\/ und Linksh\u00e4nder &#8211; Glasfaserverst\u00e4rkte Kunstoffgriffe &#8211; einstellbare Griff\u00f6ffnung f\u00fcr kleine und gro\u00dfe Handfl\u00e4chen &#8211; ideal zum schnellen Schneiden kleiner \u00c4ste, sowie kr\u00e4ftiges Schneiden dicken \u00c4sten &#8211; oberer Griff mit [&hellip;]\" \/>\n<meta property=\"og:url\" content=\"https:\/\/eggers-wp-shop2.mission-webstyle.de\/?product=amboss-handschere-gs02-a\" \/>\n<meta property=\"og:site_name\" content=\"Eggers Testshop\" \/>\n<meta property=\"article:modified_time\" content=\"2025-01-30T12:39:41+00:00\" \/>\n<meta property=\"og:image\" content=\"https:\/\/eggers-wp-shop2.mission-webstyle.de\/wp-content\/uploads\/2024\/11\/7541000004_1_800x800.jpeg\" \/>\n\t<meta property=\"og:image:width\" content=\"800\" \/>\n\t<meta property=\"og:image:height\" content=\"568\" \/>\n\t<meta property=\"og:image:type\" content=\"image\/jpeg\" \/>\n<meta name=\"twitter:card\" content=\"summary_large_image\" \/>\n<script type=\"application\/ld+json\" class=\"yoast-schema-graph\">{\"@context\":\"https:\/\/schema.org\",\"@graph\":[{\"@type\":\"WebPage\",\"@id\":\"https:\/\/eggers-wp-shop2.mission-webstyle.de\/?product=amboss-handschere-gs02-a\",\"url\":\"https:\/\/eggers-wp-shop2.mission-webstyle.de\/?product=amboss-handschere-gs02-a\",\"name\":\"Amboss-Handschere GS02-A - Eggers Testshop\",\"isPartOf\":{\"@id\":\"https:\/\/eggers-wp-shop2.mission-webstyle.de\/#website\"},\"primaryImageOfPage\":{\"@id\":\"https:\/\/eggers-wp-shop2.mission-webstyle.de\/?product=amboss-handschere-gs02-a#primaryimage\"},\"image\":{\"@id\":\"https:\/\/eggers-wp-shop2.mission-webstyle.de\/?product=amboss-handschere-gs02-a#primaryimage\"},\"thumbnailUrl\":\"https:\/\/eggers-wp-shop2.mission-webstyle.de\/wp-content\/uploads\/2024\/11\/7541000004_1_800x800.jpeg\",\"datePublished\":\"2025-01-01T10:43:13+00:00\",\"dateModified\":\"2025-01-30T12:39:41+00:00\",\"breadcrumb\":{\"@id\":\"https:\/\/eggers-wp-shop2.mission-webstyle.de\/?product=amboss-handschere-gs02-a#breadcrumb\"},\"inLanguage\":\"de\",\"potentialAction\":[{\"@type\":\"ReadAction\",\"target\":[\"https:\/\/eggers-wp-shop2.mission-webstyle.de\/?product=amboss-handschere-gs02-a\"]}]},{\"@type\":\"ImageObject\",\"inLanguage\":\"de\",\"@id\":\"https:\/\/eggers-wp-shop2.mission-webstyle.de\/?product=amboss-handschere-gs02-a#primaryimage\",\"url\":\"https:\/\/eggers-wp-shop2.mission-webstyle.de\/wp-content\/uploads\/2024\/11\/7541000004_1_800x800.jpeg\",\"contentUrl\":\"https:\/\/eggers-wp-shop2.mission-webstyle.de\/wp-content\/uploads\/2024\/11\/7541000004_1_800x800.jpeg\",\"width\":800,\"height\":568},{\"@type\":\"BreadcrumbList\",\"@id\":\"https:\/\/eggers-wp-shop2.mission-webstyle.de\/?product=amboss-handschere-gs02-a#breadcrumb\",\"itemListElement\":[{\"@type\":\"ListItem\",\"position\":1,\"name\":\"Startseite\",\"item\":\"https:\/\/eggers-wp-shop2.mission-webstyle.de\/\"},{\"@type\":\"ListItem\",\"position\":2,\"name\":\"Shop\",\"item\":\"https:\/\/eggers-wp-shop2.mission-webstyle.de\/\"},{\"@type\":\"ListItem\",\"position\":3,\"name\":\"Amboss-Handschere GS02-A\"}]},{\"@type\":\"WebSite\",\"@id\":\"https:\/\/eggers-wp-shop2.mission-webstyle.de\/#website\",\"url\":\"https:\/\/eggers-wp-shop2.mission-webstyle.de\/\",\"name\":\"Eggers Testshop\",\"description\":\"\",\"publisher\":{\"@id\":\"https:\/\/eggers-wp-shop2.mission-webstyle.de\/#organization\"},\"potentialAction\":[{\"@type\":\"SearchAction\",\"target\":{\"@type\":\"EntryPoint\",\"urlTemplate\":\"https:\/\/eggers-wp-shop2.mission-webstyle.de\/?s={search_term_string}\"},\"query-input\":{\"@type\":\"PropertyValueSpecification\",\"valueRequired\":true,\"valueName\":\"search_term_string\"}}],\"inLanguage\":\"de\"},{\"@type\":\"Organization\",\"@id\":\"https:\/\/eggers-wp-shop2.mission-webstyle.de\/#organization\",\"name\":\"Eggers Testshop\",\"url\":\"https:\/\/eggers-wp-shop2.mission-webstyle.de\/\",\"logo\":{\"@type\":\"ImageObject\",\"inLanguage\":\"de\",\"@id\":\"https:\/\/eggers-wp-shop2.mission-webstyle.de\/#\/schema\/logo\/image\/\",\"url\":\"https:\/\/eggers-wp-shop2.mission-webstyle.de\/wp-content\/uploads\/2025\/01\/Logo-300x64-1-1.png\",\"contentUrl\":\"https:\/\/eggers-wp-shop2.mission-webstyle.de\/wp-content\/uploads\/2025\/01\/Logo-300x64-1-1.png\",\"width\":300,\"height\":64,\"caption\":\"Eggers Testshop\"},\"image\":{\"@id\":\"https:\/\/eggers-wp-shop2.mission-webstyle.de\/#\/schema\/logo\/image\/\"}}]}<\/script>\n<!-- \/ Yoast SEO plugin. -->","yoast_head_json":{"title":"Amboss-Handschere GS02-A - Eggers Testshop","robots":{"index":"noindex","follow":"follow","max-snippet":"max-snippet:-1","max-image-preview":"max-image-preview:large","max-video-preview":"max-video-preview:-1"},"og_locale":"de_DE","og_type":"article","og_title":"Amboss-Handschere GS02-A - Eggers Testshop","og_description":"Produktnummer:\u00a0087540000004 Herstellernummer:\u00a07540000004 Schnittleistung Ast-? ( mm ) 12\/24 Beschreibung &#8211; leichter Schneidevorgang durch ziehenden Schnitt &#8211; Schneide mit Antihaftbeschichtung f\u00fcr minimale Reibungskr\u00e4fte &#8211; ideal f\u00fcr Rechts-\/ und Linksh\u00e4nder &#8211; Glasfaserverst\u00e4rkte Kunstoffgriffe &#8211; einstellbare Griff\u00f6ffnung f\u00fcr kleine und gro\u00dfe Handfl\u00e4chen &#8211; ideal zum schnellen Schneiden kleiner \u00c4ste, sowie kr\u00e4ftiges Schneiden dicken \u00c4sten &#8211; oberer Griff mit [&hellip;]","og_url":"https:\/\/eggers-wp-shop2.mission-webstyle.de\/?product=amboss-handschere-gs02-a","og_site_name":"Eggers Testshop","article_modified_time":"2025-01-30T12:39:41+00:00","og_image":[{"width":800,"height":568,"url":"https:\/\/eggers-wp-shop2.mission-webstyle.de\/wp-content\/uploads\/2024\/11\/7541000004_1_800x800.jpeg","type":"image\/jpeg"}],"twitter_card":"summary_large_image","schema":{"@context":"https:\/\/schema.org","@graph":[{"@type":"WebPage","@id":"https:\/\/eggers-wp-shop2.mission-webstyle.de\/?product=amboss-handschere-gs02-a","url":"https:\/\/eggers-wp-shop2.mission-webstyle.de\/?product=amboss-handschere-gs02-a","name":"Amboss-Handschere GS02-A - Eggers Testshop","isPartOf":{"@id":"https:\/\/eggers-wp-shop2.mission-webstyle.de\/#website"},"primaryImageOfPage":{"@id":"https:\/\/eggers-wp-shop2.mission-webstyle.de\/?product=amboss-handschere-gs02-a#primaryimage"},"image":{"@id":"https:\/\/eggers-wp-shop2.mission-webstyle.de\/?product=amboss-handschere-gs02-a#primaryimage"},"thumbnailUrl":"https:\/\/eggers-wp-shop2.mission-webstyle.de\/wp-content\/uploads\/2024\/11\/7541000004_1_800x800.jpeg","datePublished":"2025-01-01T10:43:13+00:00","dateModified":"2025-01-30T12:39:41+00:00","breadcrumb":{"@id":"https:\/\/eggers-wp-shop2.mission-webstyle.de\/?product=amboss-handschere-gs02-a#breadcrumb"},"inLanguage":"de","potentialAction":[{"@type":"ReadAction","target":["https:\/\/eggers-wp-shop2.mission-webstyle.de\/?product=amboss-handschere-gs02-a"]}]},{"@type":"ImageObject","inLanguage":"de","@id":"https:\/\/eggers-wp-shop2.mission-webstyle.de\/?product=amboss-handschere-gs02-a#primaryimage","url":"https:\/\/eggers-wp-shop2.mission-webstyle.de\/wp-content\/uploads\/2024\/11\/7541000004_1_800x800.jpeg","contentUrl":"https:\/\/eggers-wp-shop2.mission-webstyle.de\/wp-content\/uploads\/2024\/11\/7541000004_1_800x800.jpeg","width":800,"height":568},{"@type":"BreadcrumbList","@id":"https:\/\/eggers-wp-shop2.mission-webstyle.de\/?product=amboss-handschere-gs02-a#breadcrumb","itemListElement":[{"@type":"ListItem","position":1,"name":"Startseite","item":"https:\/\/eggers-wp-shop2.mission-webstyle.de\/"},{"@type":"ListItem","position":2,"name":"Shop","item":"https:\/\/eggers-wp-shop2.mission-webstyle.de\/"},{"@type":"ListItem","position":3,"name":"Amboss-Handschere GS02-A"}]},{"@type":"WebSite","@id":"https:\/\/eggers-wp-shop2.mission-webstyle.de\/#website","url":"https:\/\/eggers-wp-shop2.mission-webstyle.de\/","name":"Eggers Testshop","description":"","publisher":{"@id":"https:\/\/eggers-wp-shop2.mission-webstyle.de\/#organization"},"potentialAction":[{"@type":"SearchAction","target":{"@type":"EntryPoint","urlTemplate":"https:\/\/eggers-wp-shop2.mission-webstyle.de\/?s={search_term_string}"},"query-input":{"@type":"PropertyValueSpecification","valueRequired":true,"valueName":"search_term_string"}}],"inLanguage":"de"},{"@type":"Organization","@id":"https:\/\/eggers-wp-shop2.mission-webstyle.de\/#organization","name":"Eggers Testshop","url":"https:\/\/eggers-wp-shop2.mission-webstyle.de\/","logo":{"@type":"ImageObject","inLanguage":"de","@id":"https:\/\/eggers-wp-shop2.mission-webstyle.de\/#\/schema\/logo\/image\/","url":"https:\/\/eggers-wp-shop2.mission-webstyle.de\/wp-content\/uploads\/2025\/01\/Logo-300x64-1-1.png","contentUrl":"https:\/\/eggers-wp-shop2.mission-webstyle.de\/wp-content\/uploads\/2025\/01\/Logo-300x64-1-1.png","width":300,"height":64,"caption":"Eggers Testshop"},"image":{"@id":"https:\/\/eggers-wp-shop2.mission-webstyle.de\/#\/schema\/logo\/image\/"}}]}},"_links":{"self":[{"href":"https:\/\/eggers-wp-shop2.mission-webstyle.de\/index.php?rest_route=\/wp\/v2\/product\/49695","targetHints":{"allow":["GET"]}}],"collection":[{"href":"https:\/\/eggers-wp-shop2.mission-webstyle.de\/index.php?rest_route=\/wp\/v2\/product"}],"about":[{"href":"https:\/\/eggers-wp-shop2.mission-webstyle.de\/index.php?rest_route=\/wp\/v2\/types\/product"}],"replies":[{"embeddable":true,"href":"https:\/\/eggers-wp-shop2.mission-webstyle.de\/index.php?rest_route=%2Fwp%2Fv2%2Fcomments&post=49695"}],"wp:featuredmedia":[{"embeddable":true,"href":"https:\/\/eggers-wp-shop2.mission-webstyle.de\/index.php?rest_route=\/wp\/v2\/media\/173735"}],"wp:attachment":[{"href":"https:\/\/eggers-wp-shop2.mission-webstyle.de\/index.php?rest_route=%2Fwp%2Fv2%2Fmedia&parent=49695"}],"wp:term":[{"taxonomy":"product_cat","embeddable":true,"href":"https:\/\/eggers-wp-shop2.mission-webstyle.de\/index.php?rest_route=%2Fwp%2Fv2%2Fproduct_cat&post=49695"},{"taxonomy":"product_tag","embeddable":true,"href":"https:\/\/eggers-wp-shop2.mission-webstyle.de\/index.php?rest_route=%2Fwp%2Fv2%2Fproduct_tag&post=49695"}],"curies":[{"name":"wp","href":"https:\/\/api.w.org\/{rel}","templated":true}]}}