{"id":156662,"date":"2025-01-01T10:07:55","date_gmt":"2025-01-01T10:07:55","guid":{"rendered":"https:\/\/eggers-wp-shop2.mission-webstyle.de\/?product=fiskars-astschere-45cm-l70"},"modified":"2025-01-30T13:06:37","modified_gmt":"2025-01-30T13:06:37","slug":"fiskars-astschere-45cm-l70","status":"publish","type":"product","link":"https:\/\/eggers-wp-shop2.mission-webstyle.de\/?product=fiskars-astschere-45cm-l70","title":{"rendered":"Fiskars Astschere 45cm L70"},"content":{"rendered":"<div class=\"product-detail-ordernumber-container\"><span class=\"product-detail-ordernumber-label\"><strong>Produktnummer:<\/strong>\u00a0<\/span><span class=\"product-detail-ordernumber\">90625236<\/span><\/div>\n<div class=\"product-detail-manufacturer-number-container\"><span class=\"product-detail-manufacturer-number-label\"><strong>Herstellernummer:<\/strong>\u00a0<\/span><span class=\"product-detail-manufacturer-number\">625236<\/span><\/div>\n<div><\/div>\n<div>\n<table dir=\"ltr\" border=\"1\" width=\"520\" cellspacing=\"0\" cellpadding=\"1\">\n<tbody>\n<tr>\n<td valign=\"top\" bgcolor=\"#ffffff\" width=\"36%\">\n<p dir=\"ltr\" align=\"left\">Produktausf\u00fchrung<\/p>\n<\/td>\n<td valign=\"middle\" bgcolor=\"#ffffff\" width=\"64%\">\n<p dir=\"ltr\" align=\"left\">Astschere<\/p>\n<\/td>\n<\/tr>\n<tr>\n<td valign=\"top\" bgcolor=\"#edeef0\" width=\"36%\">\n<p dir=\"ltr\" align=\"left\">Griffmaterial<\/p>\n<\/td>\n<td valign=\"middle\" bgcolor=\"#edeef0\" width=\"64%\">\n<p dir=\"ltr\" align=\"left\">Polyamid<\/p>\n<\/td>\n<\/tr>\n<tr>\n<td valign=\"top\" bgcolor=\"#ffffff\" width=\"36%\">\n<p dir=\"ltr\" align=\"left\">Ma\u00dfe<\/p>\n<\/td>\n<td valign=\"middle\" bgcolor=\"#ffffff\" width=\"64%\">\n<p dir=\"ltr\" align=\"left\">L 45 cm<\/p>\n<\/td>\n<\/tr>\n<tr>\n<td valign=\"top\" bgcolor=\"#edeef0\" width=\"36%\">\n<p dir=\"ltr\" align=\"left\">Ast-\u00d8<\/p>\n<\/td>\n<td valign=\"middle\" bgcolor=\"#edeef0\" width=\"64%\">\n<p dir=\"ltr\" align=\"left\">3,8 cm<\/p>\n<\/td>\n<\/tr>\n<tr>\n<td valign=\"top\" bgcolor=\"#ffffff\" width=\"36%\">\n<p dir=\"ltr\" align=\"left\">Gewicht<\/p>\n<\/td>\n<td valign=\"middle\" bgcolor=\"#ffffff\" width=\"64%\">\n<p dir=\"ltr\" align=\"left\">460 g<\/p>\n<\/td>\n<\/tr>\n<tr>\n<td valign=\"top\" bgcolor=\"#edeef0\" width=\"36%\">\n<p dir=\"ltr\" align=\"left\">Schnitttechnologie<\/p>\n<\/td>\n<td valign=\"middle\" bgcolor=\"#edeef0\" width=\"64%\">\n<p dir=\"ltr\" align=\"left\">Bypass<\/p>\n<\/td>\n<\/tr>\n<\/tbody>\n<\/table>\n<\/div>\n","protected":false},"excerpt":{"rendered":"<p>Produktnummer:\u00a090625236 Herstellernummer:\u00a0625236 Produktausf\u00fchrung Astschere Griffmaterial Polyamid Ma\u00dfe L 45 cm Ast-\u00d8 3,8 cm Gewicht 460 g Schnitttechnologie Bypass<\/p>\n","protected":false},"featured_media":173755,"comment_status":"closed","ping_status":"closed","template":"","meta":[],"product_cat":[41],"product_tag":[],"class_list":{"0":"post-156662","1":"product","2":"type-product","3":"status-publish","4":"has-post-thumbnail","6":"product_cat-bestandsabfragen","8":"first","9":"outofstock","10":"sale","11":"purchasable","12":"product-type-simple"},"yoast_head":"<!-- This site is optimized with the Yoast SEO plugin v24.9 - https:\/\/yoast.com\/wordpress\/plugins\/seo\/ -->\n<title>Fiskars Astschere 45cm L70 - Eggers Testshop<\/title>\n<meta name=\"robots\" content=\"noindex, follow, max-snippet:-1, max-image-preview:large, max-video-preview:-1\" \/>\n<meta property=\"og:locale\" content=\"de_DE\" \/>\n<meta property=\"og:type\" content=\"article\" \/>\n<meta property=\"og:title\" content=\"Fiskars Astschere 45cm L70 - Eggers Testshop\" \/>\n<meta property=\"og:description\" content=\"Produktnummer:\u00a090625236 Herstellernummer:\u00a0625236 Produktausf\u00fchrung Astschere Griffmaterial Polyamid Ma\u00dfe L 45 cm Ast-\u00d8 3,8 cm Gewicht 460 g Schnitttechnologie Bypass\" \/>\n<meta property=\"og:url\" content=\"https:\/\/eggers-wp-shop2.mission-webstyle.de\/?product=fiskars-astschere-45cm-l70\" \/>\n<meta property=\"og:site_name\" content=\"Eggers Testshop\" \/>\n<meta property=\"article:modified_time\" content=\"2025-01-30T13:06:37+00:00\" \/>\n<meta property=\"og:image\" content=\"https:\/\/eggers-wp-shop2.mission-webstyle.de\/wp-content\/uploads\/2024\/11\/625236_Astschere_45cm_800x800.png\" \/>\n\t<meta property=\"og:image:width\" content=\"350\" \/>\n\t<meta property=\"og:image:height\" content=\"350\" \/>\n\t<meta property=\"og:image:type\" content=\"image\/png\" \/>\n<meta name=\"twitter:card\" content=\"summary_large_image\" \/>\n<script type=\"application\/ld+json\" class=\"yoast-schema-graph\">{\"@context\":\"https:\/\/schema.org\",\"@graph\":[{\"@type\":\"WebPage\",\"@id\":\"https:\/\/eggers-wp-shop2.mission-webstyle.de\/?product=fiskars-astschere-45cm-l70\",\"url\":\"https:\/\/eggers-wp-shop2.mission-webstyle.de\/?product=fiskars-astschere-45cm-l70\",\"name\":\"Fiskars Astschere 45cm L70 - Eggers Testshop\",\"isPartOf\":{\"@id\":\"https:\/\/eggers-wp-shop2.mission-webstyle.de\/#website\"},\"primaryImageOfPage\":{\"@id\":\"https:\/\/eggers-wp-shop2.mission-webstyle.de\/?product=fiskars-astschere-45cm-l70#primaryimage\"},\"image\":{\"@id\":\"https:\/\/eggers-wp-shop2.mission-webstyle.de\/?product=fiskars-astschere-45cm-l70#primaryimage\"},\"thumbnailUrl\":\"https:\/\/eggers-wp-shop2.mission-webstyle.de\/wp-content\/uploads\/2024\/11\/625236_Astschere_45cm_800x800.png\",\"datePublished\":\"2025-01-01T10:07:55+00:00\",\"dateModified\":\"2025-01-30T13:06:37+00:00\",\"breadcrumb\":{\"@id\":\"https:\/\/eggers-wp-shop2.mission-webstyle.de\/?product=fiskars-astschere-45cm-l70#breadcrumb\"},\"inLanguage\":\"de\",\"potentialAction\":[{\"@type\":\"ReadAction\",\"target\":[\"https:\/\/eggers-wp-shop2.mission-webstyle.de\/?product=fiskars-astschere-45cm-l70\"]}]},{\"@type\":\"ImageObject\",\"inLanguage\":\"de\",\"@id\":\"https:\/\/eggers-wp-shop2.mission-webstyle.de\/?product=fiskars-astschere-45cm-l70#primaryimage\",\"url\":\"https:\/\/eggers-wp-shop2.mission-webstyle.de\/wp-content\/uploads\/2024\/11\/625236_Astschere_45cm_800x800.png\",\"contentUrl\":\"https:\/\/eggers-wp-shop2.mission-webstyle.de\/wp-content\/uploads\/2024\/11\/625236_Astschere_45cm_800x800.png\",\"width\":350,\"height\":350},{\"@type\":\"BreadcrumbList\",\"@id\":\"https:\/\/eggers-wp-shop2.mission-webstyle.de\/?product=fiskars-astschere-45cm-l70#breadcrumb\",\"itemListElement\":[{\"@type\":\"ListItem\",\"position\":1,\"name\":\"Startseite\",\"item\":\"https:\/\/eggers-wp-shop2.mission-webstyle.de\/\"},{\"@type\":\"ListItem\",\"position\":2,\"name\":\"Shop\",\"item\":\"https:\/\/eggers-wp-shop2.mission-webstyle.de\/\"},{\"@type\":\"ListItem\",\"position\":3,\"name\":\"Fiskars Astschere 45cm L70\"}]},{\"@type\":\"WebSite\",\"@id\":\"https:\/\/eggers-wp-shop2.mission-webstyle.de\/#website\",\"url\":\"https:\/\/eggers-wp-shop2.mission-webstyle.de\/\",\"name\":\"Eggers Testshop\",\"description\":\"\",\"publisher\":{\"@id\":\"https:\/\/eggers-wp-shop2.mission-webstyle.de\/#organization\"},\"potentialAction\":[{\"@type\":\"SearchAction\",\"target\":{\"@type\":\"EntryPoint\",\"urlTemplate\":\"https:\/\/eggers-wp-shop2.mission-webstyle.de\/?s={search_term_string}\"},\"query-input\":{\"@type\":\"PropertyValueSpecification\",\"valueRequired\":true,\"valueName\":\"search_term_string\"}}],\"inLanguage\":\"de\"},{\"@type\":\"Organization\",\"@id\":\"https:\/\/eggers-wp-shop2.mission-webstyle.de\/#organization\",\"name\":\"Eggers Testshop\",\"url\":\"https:\/\/eggers-wp-shop2.mission-webstyle.de\/\",\"logo\":{\"@type\":\"ImageObject\",\"inLanguage\":\"de\",\"@id\":\"https:\/\/eggers-wp-shop2.mission-webstyle.de\/#\/schema\/logo\/image\/\",\"url\":\"https:\/\/eggers-wp-shop2.mission-webstyle.de\/wp-content\/uploads\/2025\/01\/Logo-300x64-1-1.png\",\"contentUrl\":\"https:\/\/eggers-wp-shop2.mission-webstyle.de\/wp-content\/uploads\/2025\/01\/Logo-300x64-1-1.png\",\"width\":300,\"height\":64,\"caption\":\"Eggers Testshop\"},\"image\":{\"@id\":\"https:\/\/eggers-wp-shop2.mission-webstyle.de\/#\/schema\/logo\/image\/\"}}]}<\/script>\n<!-- \/ Yoast SEO plugin. -->","yoast_head_json":{"title":"Fiskars Astschere 45cm L70 - Eggers Testshop","robots":{"index":"noindex","follow":"follow","max-snippet":"max-snippet:-1","max-image-preview":"max-image-preview:large","max-video-preview":"max-video-preview:-1"},"og_locale":"de_DE","og_type":"article","og_title":"Fiskars Astschere 45cm L70 - Eggers Testshop","og_description":"Produktnummer:\u00a090625236 Herstellernummer:\u00a0625236 Produktausf\u00fchrung Astschere Griffmaterial Polyamid Ma\u00dfe L 45 cm Ast-\u00d8 3,8 cm Gewicht 460 g Schnitttechnologie Bypass","og_url":"https:\/\/eggers-wp-shop2.mission-webstyle.de\/?product=fiskars-astschere-45cm-l70","og_site_name":"Eggers Testshop","article_modified_time":"2025-01-30T13:06:37+00:00","og_image":[{"width":350,"height":350,"url":"https:\/\/eggers-wp-shop2.mission-webstyle.de\/wp-content\/uploads\/2024\/11\/625236_Astschere_45cm_800x800.png","type":"image\/png"}],"twitter_card":"summary_large_image","schema":{"@context":"https:\/\/schema.org","@graph":[{"@type":"WebPage","@id":"https:\/\/eggers-wp-shop2.mission-webstyle.de\/?product=fiskars-astschere-45cm-l70","url":"https:\/\/eggers-wp-shop2.mission-webstyle.de\/?product=fiskars-astschere-45cm-l70","name":"Fiskars Astschere 45cm L70 - Eggers Testshop","isPartOf":{"@id":"https:\/\/eggers-wp-shop2.mission-webstyle.de\/#website"},"primaryImageOfPage":{"@id":"https:\/\/eggers-wp-shop2.mission-webstyle.de\/?product=fiskars-astschere-45cm-l70#primaryimage"},"image":{"@id":"https:\/\/eggers-wp-shop2.mission-webstyle.de\/?product=fiskars-astschere-45cm-l70#primaryimage"},"thumbnailUrl":"https:\/\/eggers-wp-shop2.mission-webstyle.de\/wp-content\/uploads\/2024\/11\/625236_Astschere_45cm_800x800.png","datePublished":"2025-01-01T10:07:55+00:00","dateModified":"2025-01-30T13:06:37+00:00","breadcrumb":{"@id":"https:\/\/eggers-wp-shop2.mission-webstyle.de\/?product=fiskars-astschere-45cm-l70#breadcrumb"},"inLanguage":"de","potentialAction":[{"@type":"ReadAction","target":["https:\/\/eggers-wp-shop2.mission-webstyle.de\/?product=fiskars-astschere-45cm-l70"]}]},{"@type":"ImageObject","inLanguage":"de","@id":"https:\/\/eggers-wp-shop2.mission-webstyle.de\/?product=fiskars-astschere-45cm-l70#primaryimage","url":"https:\/\/eggers-wp-shop2.mission-webstyle.de\/wp-content\/uploads\/2024\/11\/625236_Astschere_45cm_800x800.png","contentUrl":"https:\/\/eggers-wp-shop2.mission-webstyle.de\/wp-content\/uploads\/2024\/11\/625236_Astschere_45cm_800x800.png","width":350,"height":350},{"@type":"BreadcrumbList","@id":"https:\/\/eggers-wp-shop2.mission-webstyle.de\/?product=fiskars-astschere-45cm-l70#breadcrumb","itemListElement":[{"@type":"ListItem","position":1,"name":"Startseite","item":"https:\/\/eggers-wp-shop2.mission-webstyle.de\/"},{"@type":"ListItem","position":2,"name":"Shop","item":"https:\/\/eggers-wp-shop2.mission-webstyle.de\/"},{"@type":"ListItem","position":3,"name":"Fiskars Astschere 45cm L70"}]},{"@type":"WebSite","@id":"https:\/\/eggers-wp-shop2.mission-webstyle.de\/#website","url":"https:\/\/eggers-wp-shop2.mission-webstyle.de\/","name":"Eggers Testshop","description":"","publisher":{"@id":"https:\/\/eggers-wp-shop2.mission-webstyle.de\/#organization"},"potentialAction":[{"@type":"SearchAction","target":{"@type":"EntryPoint","urlTemplate":"https:\/\/eggers-wp-shop2.mission-webstyle.de\/?s={search_term_string}"},"query-input":{"@type":"PropertyValueSpecification","valueRequired":true,"valueName":"search_term_string"}}],"inLanguage":"de"},{"@type":"Organization","@id":"https:\/\/eggers-wp-shop2.mission-webstyle.de\/#organization","name":"Eggers Testshop","url":"https:\/\/eggers-wp-shop2.mission-webstyle.de\/","logo":{"@type":"ImageObject","inLanguage":"de","@id":"https:\/\/eggers-wp-shop2.mission-webstyle.de\/#\/schema\/logo\/image\/","url":"https:\/\/eggers-wp-shop2.mission-webstyle.de\/wp-content\/uploads\/2025\/01\/Logo-300x64-1-1.png","contentUrl":"https:\/\/eggers-wp-shop2.mission-webstyle.de\/wp-content\/uploads\/2025\/01\/Logo-300x64-1-1.png","width":300,"height":64,"caption":"Eggers Testshop"},"image":{"@id":"https:\/\/eggers-wp-shop2.mission-webstyle.de\/#\/schema\/logo\/image\/"}}]}},"_links":{"self":[{"href":"https:\/\/eggers-wp-shop2.mission-webstyle.de\/index.php?rest_route=\/wp\/v2\/product\/156662","targetHints":{"allow":["GET"]}}],"collection":[{"href":"https:\/\/eggers-wp-shop2.mission-webstyle.de\/index.php?rest_route=\/wp\/v2\/product"}],"about":[{"href":"https:\/\/eggers-wp-shop2.mission-webstyle.de\/index.php?rest_route=\/wp\/v2\/types\/product"}],"replies":[{"embeddable":true,"href":"https:\/\/eggers-wp-shop2.mission-webstyle.de\/index.php?rest_route=%2Fwp%2Fv2%2Fcomments&post=156662"}],"wp:featuredmedia":[{"embeddable":true,"href":"https:\/\/eggers-wp-shop2.mission-webstyle.de\/index.php?rest_route=\/wp\/v2\/media\/173755"}],"wp:attachment":[{"href":"https:\/\/eggers-wp-shop2.mission-webstyle.de\/index.php?rest_route=%2Fwp%2Fv2%2Fmedia&parent=156662"}],"wp:term":[{"taxonomy":"product_cat","embeddable":true,"href":"https:\/\/eggers-wp-shop2.mission-webstyle.de\/index.php?rest_route=%2Fwp%2Fv2%2Fproduct_cat&post=156662"},{"taxonomy":"product_tag","embeddable":true,"href":"https:\/\/eggers-wp-shop2.mission-webstyle.de\/index.php?rest_route=%2Fwp%2Fv2%2Fproduct_tag&post=156662"}],"curies":[{"name":"wp","href":"https:\/\/api.w.org\/{rel}","templated":true}]}}