{"id":156574,"date":"2025-01-01T10:05:55","date_gmt":"2025-01-01T10:05:55","guid":{"rendered":"https:\/\/eggers-wp-shop2.mission-webstyle.de\/?product=fiskars-grasschere-servo"},"modified":"2025-01-30T13:08:02","modified_gmt":"2025-01-30T13:08:02","slug":"fiskars-grasschere-servo","status":"publish","type":"product","link":"https:\/\/eggers-wp-shop2.mission-webstyle.de\/?product=fiskars-grasschere-servo","title":{"rendered":"Fiskars Grasschere Servo"},"content":{"rendered":"<div class=\"product-detail-ordernumber-container\"><span class=\"product-detail-ordernumber-label\"><strong>Produktnummer:<\/strong>\u00a0<\/span><span class=\"product-detail-ordernumber\">90527674<\/span><\/div>\n<div class=\"product-detail-manufacturer-number-container\"><span class=\"product-detail-manufacturer-number-label\"><strong>Herstellernummer:<\/strong>\u00a0<\/span><span class=\"product-detail-manufacturer-number\">527674<\/span><\/div>\n<div><\/div>\n<div>\n<table class=\"LeftDetailClass\" border=\"0\">\n<tbody>\n<tr id=\"ArticleItem14\" class=\"ArticleItemClass\">\n<td id=\"ArticleDescription14\" class=\"AGL\">Produktausf\u00fchrung<\/td>\n<td id=\"ArticleValue14\" class=\"AGLI\">Rasenschere<\/td>\n<\/tr>\n<tr id=\"ArticleItem15\" class=\"ArticleItemClass\">\n<td id=\"ArticleDescription15\" class=\"AGW\">Material<\/td>\n<td id=\"ArticleValue15\" class=\"AGWI\">Kunststoff<\/td>\n<\/tr>\n<tr id=\"ArticleItem16\" class=\"ArticleItemClass\">\n<td id=\"ArticleDescription16\" class=\"AGL\">Ma\u00dfe<\/td>\n<td id=\"ArticleValue16\" class=\"AGLI\">L 32 cm<\/td>\n<\/tr>\n<tr id=\"ArticleItem17\" class=\"ArticleItemClass\">\n<td id=\"ArticleDescription17\" class=\"AGW\">Gewicht<\/td>\n<td id=\"ArticleValue17\" class=\"AGWI\">263 g<\/td>\n<\/tr>\n<tr id=\"ArticleItem18\" class=\"ArticleItemClass\">\n<td id=\"ArticleDescription18\" class=\"AGL\">Schnitttechnologie<\/td>\n<td id=\"ArticleValue18\" class=\"AGLI\">Servo-System<\/td>\n<\/tr>\n<tr id=\"ArticleItem19\" class=\"ArticleItemClass\">\n<td id=\"ArticleDescription19\" class=\"AGW\">Ausf\u00fchrung<\/td>\n<td id=\"ArticleValue19\" class=\"AGWI\">360\u00b0 drehbar<\/td>\n<\/tr>\n<\/tbody>\n<\/table>\n<\/div>\n","protected":false},"excerpt":{"rendered":"<p>Produktnummer:\u00a090527674 Herstellernummer:\u00a0527674 Produktausf\u00fchrung Rasenschere Material Kunststoff Ma\u00dfe L 32 cm Gewicht 263 g Schnitttechnologie Servo-System Ausf\u00fchrung 360\u00b0 drehbar<\/p>\n","protected":false},"featured_media":173753,"comment_status":"closed","ping_status":"closed","template":"","meta":[],"product_cat":[41],"product_tag":[],"class_list":{"0":"post-156574","1":"product","2":"type-product","3":"status-publish","4":"has-post-thumbnail","6":"product_cat-bestandsabfragen","8":"first","9":"outofstock","10":"sale","11":"purchasable","12":"product-type-simple"},"yoast_head":"<!-- This site is optimized with the Yoast SEO plugin v24.9 - https:\/\/yoast.com\/wordpress\/plugins\/seo\/ -->\n<title>Fiskars Grasschere Servo - Eggers Testshop<\/title>\n<meta name=\"robots\" content=\"noindex, follow, max-snippet:-1, max-image-preview:large, max-video-preview:-1\" \/>\n<meta property=\"og:locale\" content=\"de_DE\" \/>\n<meta property=\"og:type\" content=\"article\" \/>\n<meta property=\"og:title\" content=\"Fiskars Grasschere Servo - Eggers Testshop\" \/>\n<meta property=\"og:description\" content=\"Produktnummer:\u00a090527674 Herstellernummer:\u00a0527674 Produktausf\u00fchrung Rasenschere Material Kunststoff Ma\u00dfe L 32 cm Gewicht 263 g Schnitttechnologie Servo-System Ausf\u00fchrung 360\u00b0 drehbar\" \/>\n<meta property=\"og:url\" content=\"https:\/\/eggers-wp-shop2.mission-webstyle.de\/?product=fiskars-grasschere-servo\" \/>\n<meta property=\"og:site_name\" content=\"Eggers Testshop\" \/>\n<meta property=\"article:modified_time\" content=\"2025-01-30T13:08:02+00:00\" \/>\n<meta property=\"og:image\" content=\"https:\/\/eggers-wp-shop2.mission-webstyle.de\/wp-content\/uploads\/2024\/11\/527674_Grasschere_800x800.png\" \/>\n\t<meta property=\"og:image:width\" content=\"350\" \/>\n\t<meta property=\"og:image:height\" content=\"350\" \/>\n\t<meta property=\"og:image:type\" content=\"image\/png\" \/>\n<meta name=\"twitter:card\" content=\"summary_large_image\" \/>\n<script type=\"application\/ld+json\" class=\"yoast-schema-graph\">{\"@context\":\"https:\/\/schema.org\",\"@graph\":[{\"@type\":\"WebPage\",\"@id\":\"https:\/\/eggers-wp-shop2.mission-webstyle.de\/?product=fiskars-grasschere-servo\",\"url\":\"https:\/\/eggers-wp-shop2.mission-webstyle.de\/?product=fiskars-grasschere-servo\",\"name\":\"Fiskars Grasschere Servo - Eggers Testshop\",\"isPartOf\":{\"@id\":\"https:\/\/eggers-wp-shop2.mission-webstyle.de\/#website\"},\"primaryImageOfPage\":{\"@id\":\"https:\/\/eggers-wp-shop2.mission-webstyle.de\/?product=fiskars-grasschere-servo#primaryimage\"},\"image\":{\"@id\":\"https:\/\/eggers-wp-shop2.mission-webstyle.de\/?product=fiskars-grasschere-servo#primaryimage\"},\"thumbnailUrl\":\"https:\/\/eggers-wp-shop2.mission-webstyle.de\/wp-content\/uploads\/2024\/11\/527674_Grasschere_800x800.png\",\"datePublished\":\"2025-01-01T10:05:55+00:00\",\"dateModified\":\"2025-01-30T13:08:02+00:00\",\"breadcrumb\":{\"@id\":\"https:\/\/eggers-wp-shop2.mission-webstyle.de\/?product=fiskars-grasschere-servo#breadcrumb\"},\"inLanguage\":\"de\",\"potentialAction\":[{\"@type\":\"ReadAction\",\"target\":[\"https:\/\/eggers-wp-shop2.mission-webstyle.de\/?product=fiskars-grasschere-servo\"]}]},{\"@type\":\"ImageObject\",\"inLanguage\":\"de\",\"@id\":\"https:\/\/eggers-wp-shop2.mission-webstyle.de\/?product=fiskars-grasschere-servo#primaryimage\",\"url\":\"https:\/\/eggers-wp-shop2.mission-webstyle.de\/wp-content\/uploads\/2024\/11\/527674_Grasschere_800x800.png\",\"contentUrl\":\"https:\/\/eggers-wp-shop2.mission-webstyle.de\/wp-content\/uploads\/2024\/11\/527674_Grasschere_800x800.png\",\"width\":350,\"height\":350},{\"@type\":\"BreadcrumbList\",\"@id\":\"https:\/\/eggers-wp-shop2.mission-webstyle.de\/?product=fiskars-grasschere-servo#breadcrumb\",\"itemListElement\":[{\"@type\":\"ListItem\",\"position\":1,\"name\":\"Startseite\",\"item\":\"https:\/\/eggers-wp-shop2.mission-webstyle.de\/\"},{\"@type\":\"ListItem\",\"position\":2,\"name\":\"Shop\",\"item\":\"https:\/\/eggers-wp-shop2.mission-webstyle.de\/\"},{\"@type\":\"ListItem\",\"position\":3,\"name\":\"Fiskars Grasschere Servo\"}]},{\"@type\":\"WebSite\",\"@id\":\"https:\/\/eggers-wp-shop2.mission-webstyle.de\/#website\",\"url\":\"https:\/\/eggers-wp-shop2.mission-webstyle.de\/\",\"name\":\"Eggers Testshop\",\"description\":\"\",\"publisher\":{\"@id\":\"https:\/\/eggers-wp-shop2.mission-webstyle.de\/#organization\"},\"potentialAction\":[{\"@type\":\"SearchAction\",\"target\":{\"@type\":\"EntryPoint\",\"urlTemplate\":\"https:\/\/eggers-wp-shop2.mission-webstyle.de\/?s={search_term_string}\"},\"query-input\":{\"@type\":\"PropertyValueSpecification\",\"valueRequired\":true,\"valueName\":\"search_term_string\"}}],\"inLanguage\":\"de\"},{\"@type\":\"Organization\",\"@id\":\"https:\/\/eggers-wp-shop2.mission-webstyle.de\/#organization\",\"name\":\"Eggers Testshop\",\"url\":\"https:\/\/eggers-wp-shop2.mission-webstyle.de\/\",\"logo\":{\"@type\":\"ImageObject\",\"inLanguage\":\"de\",\"@id\":\"https:\/\/eggers-wp-shop2.mission-webstyle.de\/#\/schema\/logo\/image\/\",\"url\":\"https:\/\/eggers-wp-shop2.mission-webstyle.de\/wp-content\/uploads\/2025\/01\/Logo-300x64-1-1.png\",\"contentUrl\":\"https:\/\/eggers-wp-shop2.mission-webstyle.de\/wp-content\/uploads\/2025\/01\/Logo-300x64-1-1.png\",\"width\":300,\"height\":64,\"caption\":\"Eggers Testshop\"},\"image\":{\"@id\":\"https:\/\/eggers-wp-shop2.mission-webstyle.de\/#\/schema\/logo\/image\/\"}}]}<\/script>\n<!-- \/ Yoast SEO plugin. -->","yoast_head_json":{"title":"Fiskars Grasschere Servo - Eggers Testshop","robots":{"index":"noindex","follow":"follow","max-snippet":"max-snippet:-1","max-image-preview":"max-image-preview:large","max-video-preview":"max-video-preview:-1"},"og_locale":"de_DE","og_type":"article","og_title":"Fiskars Grasschere Servo - Eggers Testshop","og_description":"Produktnummer:\u00a090527674 Herstellernummer:\u00a0527674 Produktausf\u00fchrung Rasenschere Material Kunststoff Ma\u00dfe L 32 cm Gewicht 263 g Schnitttechnologie Servo-System Ausf\u00fchrung 360\u00b0 drehbar","og_url":"https:\/\/eggers-wp-shop2.mission-webstyle.de\/?product=fiskars-grasschere-servo","og_site_name":"Eggers Testshop","article_modified_time":"2025-01-30T13:08:02+00:00","og_image":[{"width":350,"height":350,"url":"https:\/\/eggers-wp-shop2.mission-webstyle.de\/wp-content\/uploads\/2024\/11\/527674_Grasschere_800x800.png","type":"image\/png"}],"twitter_card":"summary_large_image","schema":{"@context":"https:\/\/schema.org","@graph":[{"@type":"WebPage","@id":"https:\/\/eggers-wp-shop2.mission-webstyle.de\/?product=fiskars-grasschere-servo","url":"https:\/\/eggers-wp-shop2.mission-webstyle.de\/?product=fiskars-grasschere-servo","name":"Fiskars Grasschere Servo - Eggers Testshop","isPartOf":{"@id":"https:\/\/eggers-wp-shop2.mission-webstyle.de\/#website"},"primaryImageOfPage":{"@id":"https:\/\/eggers-wp-shop2.mission-webstyle.de\/?product=fiskars-grasschere-servo#primaryimage"},"image":{"@id":"https:\/\/eggers-wp-shop2.mission-webstyle.de\/?product=fiskars-grasschere-servo#primaryimage"},"thumbnailUrl":"https:\/\/eggers-wp-shop2.mission-webstyle.de\/wp-content\/uploads\/2024\/11\/527674_Grasschere_800x800.png","datePublished":"2025-01-01T10:05:55+00:00","dateModified":"2025-01-30T13:08:02+00:00","breadcrumb":{"@id":"https:\/\/eggers-wp-shop2.mission-webstyle.de\/?product=fiskars-grasschere-servo#breadcrumb"},"inLanguage":"de","potentialAction":[{"@type":"ReadAction","target":["https:\/\/eggers-wp-shop2.mission-webstyle.de\/?product=fiskars-grasschere-servo"]}]},{"@type":"ImageObject","inLanguage":"de","@id":"https:\/\/eggers-wp-shop2.mission-webstyle.de\/?product=fiskars-grasschere-servo#primaryimage","url":"https:\/\/eggers-wp-shop2.mission-webstyle.de\/wp-content\/uploads\/2024\/11\/527674_Grasschere_800x800.png","contentUrl":"https:\/\/eggers-wp-shop2.mission-webstyle.de\/wp-content\/uploads\/2024\/11\/527674_Grasschere_800x800.png","width":350,"height":350},{"@type":"BreadcrumbList","@id":"https:\/\/eggers-wp-shop2.mission-webstyle.de\/?product=fiskars-grasschere-servo#breadcrumb","itemListElement":[{"@type":"ListItem","position":1,"name":"Startseite","item":"https:\/\/eggers-wp-shop2.mission-webstyle.de\/"},{"@type":"ListItem","position":2,"name":"Shop","item":"https:\/\/eggers-wp-shop2.mission-webstyle.de\/"},{"@type":"ListItem","position":3,"name":"Fiskars Grasschere Servo"}]},{"@type":"WebSite","@id":"https:\/\/eggers-wp-shop2.mission-webstyle.de\/#website","url":"https:\/\/eggers-wp-shop2.mission-webstyle.de\/","name":"Eggers Testshop","description":"","publisher":{"@id":"https:\/\/eggers-wp-shop2.mission-webstyle.de\/#organization"},"potentialAction":[{"@type":"SearchAction","target":{"@type":"EntryPoint","urlTemplate":"https:\/\/eggers-wp-shop2.mission-webstyle.de\/?s={search_term_string}"},"query-input":{"@type":"PropertyValueSpecification","valueRequired":true,"valueName":"search_term_string"}}],"inLanguage":"de"},{"@type":"Organization","@id":"https:\/\/eggers-wp-shop2.mission-webstyle.de\/#organization","name":"Eggers Testshop","url":"https:\/\/eggers-wp-shop2.mission-webstyle.de\/","logo":{"@type":"ImageObject","inLanguage":"de","@id":"https:\/\/eggers-wp-shop2.mission-webstyle.de\/#\/schema\/logo\/image\/","url":"https:\/\/eggers-wp-shop2.mission-webstyle.de\/wp-content\/uploads\/2025\/01\/Logo-300x64-1-1.png","contentUrl":"https:\/\/eggers-wp-shop2.mission-webstyle.de\/wp-content\/uploads\/2025\/01\/Logo-300x64-1-1.png","width":300,"height":64,"caption":"Eggers Testshop"},"image":{"@id":"https:\/\/eggers-wp-shop2.mission-webstyle.de\/#\/schema\/logo\/image\/"}}]}},"_links":{"self":[{"href":"https:\/\/eggers-wp-shop2.mission-webstyle.de\/index.php?rest_route=\/wp\/v2\/product\/156574","targetHints":{"allow":["GET"]}}],"collection":[{"href":"https:\/\/eggers-wp-shop2.mission-webstyle.de\/index.php?rest_route=\/wp\/v2\/product"}],"about":[{"href":"https:\/\/eggers-wp-shop2.mission-webstyle.de\/index.php?rest_route=\/wp\/v2\/types\/product"}],"replies":[{"embeddable":true,"href":"https:\/\/eggers-wp-shop2.mission-webstyle.de\/index.php?rest_route=%2Fwp%2Fv2%2Fcomments&post=156574"}],"wp:featuredmedia":[{"embeddable":true,"href":"https:\/\/eggers-wp-shop2.mission-webstyle.de\/index.php?rest_route=\/wp\/v2\/media\/173753"}],"wp:attachment":[{"href":"https:\/\/eggers-wp-shop2.mission-webstyle.de\/index.php?rest_route=%2Fwp%2Fv2%2Fmedia&parent=156574"}],"wp:term":[{"taxonomy":"product_cat","embeddable":true,"href":"https:\/\/eggers-wp-shop2.mission-webstyle.de\/index.php?rest_route=%2Fwp%2Fv2%2Fproduct_cat&post=156574"},{"taxonomy":"product_tag","embeddable":true,"href":"https:\/\/eggers-wp-shop2.mission-webstyle.de\/index.php?rest_route=%2Fwp%2Fv2%2Fproduct_tag&post=156574"}],"curies":[{"name":"wp","href":"https:\/\/api.w.org\/{rel}","templated":true}]}}