{"id":119935,"date":"2025-01-01T10:33:53","date_gmt":"2025-01-01T10:33:53","guid":{"rendered":"https:\/\/eggers-wp-shop2.mission-webstyle.de\/?product=arbeitsscheinwerfer-led-massey-ferguson-7"},"modified":"2025-01-30T12:50:45","modified_gmt":"2025-01-30T12:50:45","slug":"arbeitsscheinwerfer-led-massey-ferguson-7","status":"publish","type":"product","link":"https:\/\/eggers-wp-shop2.mission-webstyle.de\/?product=arbeitsscheinwerfer-led-massey-ferguson-7","title":{"rendered":"Arbeitsscheinwerfer LED Massey Ferguson"},"content":{"rendered":"<div class=\"product-detail-ordernumber-container\"><span class=\"product-detail-ordernumber-label\"><strong>Produktnummer:<\/strong>\u00a0<\/span><span class=\"product-detail-ordernumber\">30163751<\/span><\/div>\n<div class=\"product-detail-manufacturer-number-container\"><span class=\"product-detail-manufacturer-number-label\"><strong>Herstellernummer:<\/strong>\u00a0<\/span><span class=\"product-detail-manufacturer-number\">163751<\/span><\/div>\n<div><\/div>\n<div>\n<div class=\"tabshorty\">ECE Rating: Reg10 &#8211; E4 10R05\/01*3681*00<br \/>\nCE genehmigt: Ja<br \/>\nIP-Einstufung: IP6K9K<br \/>\nVerbindungstyp: H9 Anschluss<\/div>\n<div class=\"pm-spec pm-half pm-full\">\n<div class=\"pm-table\">\n<div class=\"pm-table-row\">\n<div class=\"pm-tr-left box-size\">\u00d8 mm: 94.76<\/div>\n<\/div>\n<div class=\"pm-table-row\">\n<div class=\"pm-tr-left box-size\">Abstrahlwinkel: 10\u00b0<\/div>\n<\/div>\n<div class=\"pm-table-row\">\n<div class=\"pm-tr-left box-size\">Anzahl der LEDs: 9 LEDs<\/div>\n<\/div>\n<div class=\"pm-table-row\">\n<div class=\"pm-tr-left box-size\">Befestigung: geschraubt<\/div>\n<\/div>\n<div class=\"pm-table-row\">\n<div class=\"pm-tr-left box-size\">Betriebstemperatur \u00b0C: -40\u00b0C bis 50\u00b0C<\/div>\n<\/div>\n<div class=\"pm-table-row\">\n<div class=\"pm-tr-left box-size\">DIP: Gerade<\/div>\n<\/div>\n<div class=\"pm-table-row\">\n<div class=\"pm-tr-left box-size\">Form: Rund<\/div>\n<\/div>\n<div class=\"pm-table-row\">\n<div class=\"pm-tr-left box-size\">Gesamtbreite mm: 114.5<\/div>\n<\/div>\n<div class=\"pm-table-row\">\n<div class=\"pm-tr-left box-size\">Gesamth\u00f6he mm: 109.26<\/div>\n<\/div>\n<div class=\"pm-table-row\">\n<div class=\"pm-tr-left box-size\">Gesamtl\u00e4nge mm: 117.9<\/div>\n<\/div>\n<div class=\"pm-table-row\">\n<div class=\"pm-tr-left box-size\">Geh\u00e4usematerial: Aluminium<\/div>\n<\/div>\n<div class=\"pm-table-row\">\n<div class=\"pm-tr-left box-size\">Kabell\u00e4nge mm: 100<\/div>\n<\/div>\n<\/div>\n<\/div>\n<div class=\"pm-spec pm-half pm-full pm-splittablebox\">\n<div class=\"pm-table\">\n<div class=\"pm-table-row\">\n<div class=\"pm-tr-left box-size\">Linsenmaterial: Sicherheitsglas aus Kunststoff<\/div>\n<\/div>\n<div class=\"pm-table-row\">\n<div class=\"pm-tr-left box-size\">Lichtquelle: LED<\/div>\n<\/div>\n<div class=\"pm-table-row\">\n<div class=\"pm-tr-left box-size\">Linsenfarbe: Transparent<\/div>\n<\/div>\n<div class=\"pm-table-row\">\n<div class=\"pm-tr-left box-size\">Lumen effektiv: 2880<\/div>\n<\/div>\n<div class=\"pm-table-row\">\n<div class=\"pm-tr-left box-size\">Lumens Raw: 4050<\/div>\n<\/div>\n<div class=\"pm-table-row\">\n<div class=\"pm-tr-left box-size\">Lux-Wert: 95000cd<\/div>\n<\/div>\n<div class=\"pm-table-row\">\n<div class=\"pm-tr-left box-size\">Marke: Sparex<\/div>\n<\/div>\n<div class=\"pm-table-row\">\n<div class=\"pm-tr-left box-size\">Mit Rauschunterdr\u00fcckung: Ja<\/div>\n<\/div>\n<div class=\"pm-table-row\">\n<div class=\"pm-tr-left box-size\">RH oder LH Befestigung: Rechts und Links<\/div>\n<\/div>\n<div class=\"pm-table-row\">\n<div class=\"pm-tr-left box-size\">RoHS genehmigt: Ja<\/div>\n<\/div>\n<div class=\"pm-table-row\">\n<div class=\"pm-tr-left box-size\">SAE genehmigt: Nein<\/div>\n<\/div>\n<div class=\"pm-table-row\">\n<div class=\"pm-tr-left box-size\">Stromverbrauch bei 12\u00a0V: 2.58Ampere<\/div>\n<\/div>\n<div class=\"pm-table-row\">\n<div class=\"pm-tr-left box-size\">Volt V: 10-30V<\/div>\n<\/div>\n<div class=\"pm-table-row\">\n<div class=\"pm-tr-left box-size\">Watt: 31W<\/div>\n<\/div>\n<\/div>\n<\/div>\n<\/div>\n","protected":false},"excerpt":{"rendered":"<p>Produktnummer:\u00a030163751 Herstellernummer:\u00a0163751 ECE Rating: Reg10 &#8211; E4 10R05\/01*3681*00 CE genehmigt: Ja IP-Einstufung: IP6K9K Verbindungstyp: H9 Anschluss \u00d8 mm: 94.76 Abstrahlwinkel: 10\u00b0 Anzahl der LEDs: 9 LEDs Befestigung: geschraubt Betriebstemperatur \u00b0C: -40\u00b0C bis 50\u00b0C DIP: Gerade Form: Rund Gesamtbreite mm: 114.5 Gesamth\u00f6he mm: 109.26 Gesamtl\u00e4nge mm: 117.9 Geh\u00e4usematerial: Aluminium Kabell\u00e4nge mm: 100 Linsenmaterial: Sicherheitsglas aus Kunststoff [&hellip;]<\/p>\n","protected":false},"featured_media":173788,"comment_status":"closed","ping_status":"closed","template":"","meta":[],"product_cat":[41],"product_tag":[],"class_list":{"0":"post-119935","1":"product","2":"type-product","3":"status-publish","4":"has-post-thumbnail","6":"product_cat-bestandsabfragen","8":"first","9":"instock","10":"sale","11":"purchasable","12":"product-type-simple"},"yoast_head":"<!-- This site is optimized with the Yoast SEO plugin v24.9 - https:\/\/yoast.com\/wordpress\/plugins\/seo\/ -->\n<title>Arbeitsscheinwerfer LED Massey Ferguson - Eggers Testshop<\/title>\n<meta name=\"robots\" content=\"noindex, follow, max-snippet:-1, max-image-preview:large, max-video-preview:-1\" \/>\n<meta property=\"og:locale\" content=\"de_DE\" \/>\n<meta property=\"og:type\" content=\"article\" \/>\n<meta property=\"og:title\" content=\"Arbeitsscheinwerfer LED Massey Ferguson - Eggers Testshop\" \/>\n<meta property=\"og:description\" content=\"Produktnummer:\u00a030163751 Herstellernummer:\u00a0163751 ECE Rating: Reg10 &#8211; E4 10R05\/01*3681*00 CE genehmigt: Ja IP-Einstufung: IP6K9K Verbindungstyp: H9 Anschluss \u00d8 mm: 94.76 Abstrahlwinkel: 10\u00b0 Anzahl der LEDs: 9 LEDs Befestigung: geschraubt Betriebstemperatur \u00b0C: -40\u00b0C bis 50\u00b0C DIP: Gerade Form: Rund Gesamtbreite mm: 114.5 Gesamth\u00f6he mm: 109.26 Gesamtl\u00e4nge mm: 117.9 Geh\u00e4usematerial: Aluminium Kabell\u00e4nge mm: 100 Linsenmaterial: Sicherheitsglas aus Kunststoff [&hellip;]\" \/>\n<meta property=\"og:url\" content=\"https:\/\/eggers-wp-shop2.mission-webstyle.de\/?product=arbeitsscheinwerfer-led-massey-ferguson-7\" \/>\n<meta property=\"og:site_name\" content=\"Eggers Testshop\" \/>\n<meta property=\"article:modified_time\" content=\"2025-01-30T12:50:45+00:00\" \/>\n<meta property=\"og:image\" content=\"https:\/\/eggers-wp-shop2.mission-webstyle.de\/wp-content\/uploads\/2024\/11\/1_10_800x800.jpeg\" \/>\n\t<meta property=\"og:image:width\" content=\"800\" \/>\n\t<meta property=\"og:image:height\" content=\"568\" \/>\n\t<meta property=\"og:image:type\" content=\"image\/jpeg\" \/>\n<meta name=\"twitter:card\" content=\"summary_large_image\" \/>\n<script type=\"application\/ld+json\" class=\"yoast-schema-graph\">{\"@context\":\"https:\/\/schema.org\",\"@graph\":[{\"@type\":\"WebPage\",\"@id\":\"https:\/\/eggers-wp-shop2.mission-webstyle.de\/?product=arbeitsscheinwerfer-led-massey-ferguson-7\",\"url\":\"https:\/\/eggers-wp-shop2.mission-webstyle.de\/?product=arbeitsscheinwerfer-led-massey-ferguson-7\",\"name\":\"Arbeitsscheinwerfer LED Massey Ferguson - Eggers Testshop\",\"isPartOf\":{\"@id\":\"https:\/\/eggers-wp-shop2.mission-webstyle.de\/#website\"},\"primaryImageOfPage\":{\"@id\":\"https:\/\/eggers-wp-shop2.mission-webstyle.de\/?product=arbeitsscheinwerfer-led-massey-ferguson-7#primaryimage\"},\"image\":{\"@id\":\"https:\/\/eggers-wp-shop2.mission-webstyle.de\/?product=arbeitsscheinwerfer-led-massey-ferguson-7#primaryimage\"},\"thumbnailUrl\":\"https:\/\/eggers-wp-shop2.mission-webstyle.de\/wp-content\/uploads\/2024\/11\/1_10_800x800.jpeg\",\"datePublished\":\"2025-01-01T10:33:53+00:00\",\"dateModified\":\"2025-01-30T12:50:45+00:00\",\"breadcrumb\":{\"@id\":\"https:\/\/eggers-wp-shop2.mission-webstyle.de\/?product=arbeitsscheinwerfer-led-massey-ferguson-7#breadcrumb\"},\"inLanguage\":\"de\",\"potentialAction\":[{\"@type\":\"ReadAction\",\"target\":[\"https:\/\/eggers-wp-shop2.mission-webstyle.de\/?product=arbeitsscheinwerfer-led-massey-ferguson-7\"]}]},{\"@type\":\"ImageObject\",\"inLanguage\":\"de\",\"@id\":\"https:\/\/eggers-wp-shop2.mission-webstyle.de\/?product=arbeitsscheinwerfer-led-massey-ferguson-7#primaryimage\",\"url\":\"https:\/\/eggers-wp-shop2.mission-webstyle.de\/wp-content\/uploads\/2024\/11\/1_10_800x800.jpeg\",\"contentUrl\":\"https:\/\/eggers-wp-shop2.mission-webstyle.de\/wp-content\/uploads\/2024\/11\/1_10_800x800.jpeg\",\"width\":800,\"height\":568},{\"@type\":\"BreadcrumbList\",\"@id\":\"https:\/\/eggers-wp-shop2.mission-webstyle.de\/?product=arbeitsscheinwerfer-led-massey-ferguson-7#breadcrumb\",\"itemListElement\":[{\"@type\":\"ListItem\",\"position\":1,\"name\":\"Startseite\",\"item\":\"https:\/\/eggers-wp-shop2.mission-webstyle.de\/\"},{\"@type\":\"ListItem\",\"position\":2,\"name\":\"Shop\",\"item\":\"https:\/\/eggers-wp-shop2.mission-webstyle.de\/\"},{\"@type\":\"ListItem\",\"position\":3,\"name\":\"Arbeitsscheinwerfer LED Massey Ferguson\"}]},{\"@type\":\"WebSite\",\"@id\":\"https:\/\/eggers-wp-shop2.mission-webstyle.de\/#website\",\"url\":\"https:\/\/eggers-wp-shop2.mission-webstyle.de\/\",\"name\":\"Eggers Testshop\",\"description\":\"\",\"publisher\":{\"@id\":\"https:\/\/eggers-wp-shop2.mission-webstyle.de\/#organization\"},\"potentialAction\":[{\"@type\":\"SearchAction\",\"target\":{\"@type\":\"EntryPoint\",\"urlTemplate\":\"https:\/\/eggers-wp-shop2.mission-webstyle.de\/?s={search_term_string}\"},\"query-input\":{\"@type\":\"PropertyValueSpecification\",\"valueRequired\":true,\"valueName\":\"search_term_string\"}}],\"inLanguage\":\"de\"},{\"@type\":\"Organization\",\"@id\":\"https:\/\/eggers-wp-shop2.mission-webstyle.de\/#organization\",\"name\":\"Eggers Testshop\",\"url\":\"https:\/\/eggers-wp-shop2.mission-webstyle.de\/\",\"logo\":{\"@type\":\"ImageObject\",\"inLanguage\":\"de\",\"@id\":\"https:\/\/eggers-wp-shop2.mission-webstyle.de\/#\/schema\/logo\/image\/\",\"url\":\"https:\/\/eggers-wp-shop2.mission-webstyle.de\/wp-content\/uploads\/2025\/01\/Logo-300x64-1-1.png\",\"contentUrl\":\"https:\/\/eggers-wp-shop2.mission-webstyle.de\/wp-content\/uploads\/2025\/01\/Logo-300x64-1-1.png\",\"width\":300,\"height\":64,\"caption\":\"Eggers Testshop\"},\"image\":{\"@id\":\"https:\/\/eggers-wp-shop2.mission-webstyle.de\/#\/schema\/logo\/image\/\"}}]}<\/script>\n<!-- \/ Yoast SEO plugin. -->","yoast_head_json":{"title":"Arbeitsscheinwerfer LED Massey Ferguson - Eggers Testshop","robots":{"index":"noindex","follow":"follow","max-snippet":"max-snippet:-1","max-image-preview":"max-image-preview:large","max-video-preview":"max-video-preview:-1"},"og_locale":"de_DE","og_type":"article","og_title":"Arbeitsscheinwerfer LED Massey Ferguson - Eggers Testshop","og_description":"Produktnummer:\u00a030163751 Herstellernummer:\u00a0163751 ECE Rating: Reg10 &#8211; E4 10R05\/01*3681*00 CE genehmigt: Ja IP-Einstufung: IP6K9K Verbindungstyp: H9 Anschluss \u00d8 mm: 94.76 Abstrahlwinkel: 10\u00b0 Anzahl der LEDs: 9 LEDs Befestigung: geschraubt Betriebstemperatur \u00b0C: -40\u00b0C bis 50\u00b0C DIP: Gerade Form: Rund Gesamtbreite mm: 114.5 Gesamth\u00f6he mm: 109.26 Gesamtl\u00e4nge mm: 117.9 Geh\u00e4usematerial: Aluminium Kabell\u00e4nge mm: 100 Linsenmaterial: Sicherheitsglas aus Kunststoff [&hellip;]","og_url":"https:\/\/eggers-wp-shop2.mission-webstyle.de\/?product=arbeitsscheinwerfer-led-massey-ferguson-7","og_site_name":"Eggers Testshop","article_modified_time":"2025-01-30T12:50:45+00:00","og_image":[{"width":800,"height":568,"url":"https:\/\/eggers-wp-shop2.mission-webstyle.de\/wp-content\/uploads\/2024\/11\/1_10_800x800.jpeg","type":"image\/jpeg"}],"twitter_card":"summary_large_image","schema":{"@context":"https:\/\/schema.org","@graph":[{"@type":"WebPage","@id":"https:\/\/eggers-wp-shop2.mission-webstyle.de\/?product=arbeitsscheinwerfer-led-massey-ferguson-7","url":"https:\/\/eggers-wp-shop2.mission-webstyle.de\/?product=arbeitsscheinwerfer-led-massey-ferguson-7","name":"Arbeitsscheinwerfer LED Massey Ferguson - Eggers Testshop","isPartOf":{"@id":"https:\/\/eggers-wp-shop2.mission-webstyle.de\/#website"},"primaryImageOfPage":{"@id":"https:\/\/eggers-wp-shop2.mission-webstyle.de\/?product=arbeitsscheinwerfer-led-massey-ferguson-7#primaryimage"},"image":{"@id":"https:\/\/eggers-wp-shop2.mission-webstyle.de\/?product=arbeitsscheinwerfer-led-massey-ferguson-7#primaryimage"},"thumbnailUrl":"https:\/\/eggers-wp-shop2.mission-webstyle.de\/wp-content\/uploads\/2024\/11\/1_10_800x800.jpeg","datePublished":"2025-01-01T10:33:53+00:00","dateModified":"2025-01-30T12:50:45+00:00","breadcrumb":{"@id":"https:\/\/eggers-wp-shop2.mission-webstyle.de\/?product=arbeitsscheinwerfer-led-massey-ferguson-7#breadcrumb"},"inLanguage":"de","potentialAction":[{"@type":"ReadAction","target":["https:\/\/eggers-wp-shop2.mission-webstyle.de\/?product=arbeitsscheinwerfer-led-massey-ferguson-7"]}]},{"@type":"ImageObject","inLanguage":"de","@id":"https:\/\/eggers-wp-shop2.mission-webstyle.de\/?product=arbeitsscheinwerfer-led-massey-ferguson-7#primaryimage","url":"https:\/\/eggers-wp-shop2.mission-webstyle.de\/wp-content\/uploads\/2024\/11\/1_10_800x800.jpeg","contentUrl":"https:\/\/eggers-wp-shop2.mission-webstyle.de\/wp-content\/uploads\/2024\/11\/1_10_800x800.jpeg","width":800,"height":568},{"@type":"BreadcrumbList","@id":"https:\/\/eggers-wp-shop2.mission-webstyle.de\/?product=arbeitsscheinwerfer-led-massey-ferguson-7#breadcrumb","itemListElement":[{"@type":"ListItem","position":1,"name":"Startseite","item":"https:\/\/eggers-wp-shop2.mission-webstyle.de\/"},{"@type":"ListItem","position":2,"name":"Shop","item":"https:\/\/eggers-wp-shop2.mission-webstyle.de\/"},{"@type":"ListItem","position":3,"name":"Arbeitsscheinwerfer LED Massey Ferguson"}]},{"@type":"WebSite","@id":"https:\/\/eggers-wp-shop2.mission-webstyle.de\/#website","url":"https:\/\/eggers-wp-shop2.mission-webstyle.de\/","name":"Eggers Testshop","description":"","publisher":{"@id":"https:\/\/eggers-wp-shop2.mission-webstyle.de\/#organization"},"potentialAction":[{"@type":"SearchAction","target":{"@type":"EntryPoint","urlTemplate":"https:\/\/eggers-wp-shop2.mission-webstyle.de\/?s={search_term_string}"},"query-input":{"@type":"PropertyValueSpecification","valueRequired":true,"valueName":"search_term_string"}}],"inLanguage":"de"},{"@type":"Organization","@id":"https:\/\/eggers-wp-shop2.mission-webstyle.de\/#organization","name":"Eggers Testshop","url":"https:\/\/eggers-wp-shop2.mission-webstyle.de\/","logo":{"@type":"ImageObject","inLanguage":"de","@id":"https:\/\/eggers-wp-shop2.mission-webstyle.de\/#\/schema\/logo\/image\/","url":"https:\/\/eggers-wp-shop2.mission-webstyle.de\/wp-content\/uploads\/2025\/01\/Logo-300x64-1-1.png","contentUrl":"https:\/\/eggers-wp-shop2.mission-webstyle.de\/wp-content\/uploads\/2025\/01\/Logo-300x64-1-1.png","width":300,"height":64,"caption":"Eggers Testshop"},"image":{"@id":"https:\/\/eggers-wp-shop2.mission-webstyle.de\/#\/schema\/logo\/image\/"}}]}},"_links":{"self":[{"href":"https:\/\/eggers-wp-shop2.mission-webstyle.de\/index.php?rest_route=\/wp\/v2\/product\/119935","targetHints":{"allow":["GET"]}}],"collection":[{"href":"https:\/\/eggers-wp-shop2.mission-webstyle.de\/index.php?rest_route=\/wp\/v2\/product"}],"about":[{"href":"https:\/\/eggers-wp-shop2.mission-webstyle.de\/index.php?rest_route=\/wp\/v2\/types\/product"}],"replies":[{"embeddable":true,"href":"https:\/\/eggers-wp-shop2.mission-webstyle.de\/index.php?rest_route=%2Fwp%2Fv2%2Fcomments&post=119935"}],"wp:featuredmedia":[{"embeddable":true,"href":"https:\/\/eggers-wp-shop2.mission-webstyle.de\/index.php?rest_route=\/wp\/v2\/media\/173788"}],"wp:attachment":[{"href":"https:\/\/eggers-wp-shop2.mission-webstyle.de\/index.php?rest_route=%2Fwp%2Fv2%2Fmedia&parent=119935"}],"wp:term":[{"taxonomy":"product_cat","embeddable":true,"href":"https:\/\/eggers-wp-shop2.mission-webstyle.de\/index.php?rest_route=%2Fwp%2Fv2%2Fproduct_cat&post=119935"},{"taxonomy":"product_tag","embeddable":true,"href":"https:\/\/eggers-wp-shop2.mission-webstyle.de\/index.php?rest_route=%2Fwp%2Fv2%2Fproduct_tag&post=119935"}],"curies":[{"name":"wp","href":"https:\/\/api.w.org\/{rel}","templated":true}]}}