{"id":119849,"date":"2025-01-01T10:29:53","date_gmt":"2025-01-01T10:29:53","guid":{"rendered":"https:\/\/eggers-wp-shop2.mission-webstyle.de\/?product=connix-led-leuchtensatz-kabellos"},"modified":"2025-01-30T12:53:23","modified_gmt":"2025-01-30T12:53:23","slug":"connix-led-leuchtensatz-kabellos","status":"publish","type":"product","link":"https:\/\/eggers-wp-shop2.mission-webstyle.de\/?product=connix-led-leuchtensatz-kabellos","title":{"rendered":"Connix LED Leuchtensatz kabellos"},"content":{"rendered":"<div class=\"product-detail-ordernumber-container\"><span class=\"product-detail-ordernumber-label\"><strong>Produktnummer:<\/strong>\u00a0<\/span><span class=\"product-detail-ordernumber\">30130977<\/span><\/div>\n<div class=\"product-detail-manufacturer-number-container\"><strong><span class=\"product-detail-manufacturer-number-label\">Herstellernummer:\u00a0<\/span><\/strong><span class=\"product-detail-manufacturer-number\">130977<\/span><\/div>\n<div><\/div>\n<div>\n<p>Warum sollten Sie sich f\u00fcr Connix entscheiden?<br \/>\nEs muss kein Kabel angeschlossen werden, es verbindet sich mit den Steuerelementen ohne l\u00e4stige Kabel, die immer im Weg sind. &#8222;Wie wird es geladen?&#8220; &#8211; Es ist wiederaufladbar! Laden Sie es 4 Stunden und nutzen Sie es f\u00fcr 10 Stunden.<br \/>\nEs ist magnetisch &#8211; Wechsel zwischen Fahrzeugen und Maschinen in Sekundenschnelle. Und das Beste ist, dass Sie keine Werkzeuge ben\u00f6tigen, um es anzubringen.<br \/>\nEs ist multifunktional &#8211; Sie k\u00f6nnen Connix als R\u00fccklicht, Blinker, Bremslicht oder als Beleuchtung f\u00fcr das Nummernschild nutzen<br \/>\nEs ist f\u00fcr die Landwirtschaft gemacht. Langlebig und f\u00fcr extreme Belastungen\u00a0wurde Connix entwickelt.<br \/>\nNutzung im \u00f6ffentlichen Stra\u00dfenverkehr nach \u00a7 49a, Absatz 1 und nach \u00a7 49a, Absatz 8 der StVZO nicht zugelassen.<\/p>\n<div class=\"pm-table-row\">\n<div class=\"pm-tr-left box-size\">IP Einstufung &#8211; IP65<\/div>\n<\/div>\n<div class=\"pm-table-row\">\n<div class=\"pm-tr-left box-size\">Konnektivit\u00e4t\u00a0&#8211; Digital (2.4GHz kabellos)<\/div>\n<\/div>\n<div class=\"pm-table-row\">\n<div class=\"pm-tr-left box-size\">Ladedauer &#8211; 4 Stunden<\/div>\n<\/div>\n<div class=\"pm-table-row\">\n<div class=\"pm-tr-left box-size\">Marke &#8211; Sparex (Connix)<\/div>\n<\/div>\n<div class=\"pm-table-row\">\n<div class=\"pm-tr-left box-size\">Maximale \u00dcbertragungsentfernung m &#8211; 20m<\/div>\n<\/div>\n<div class=\"pm-table-row\">\n<div class=\"pm-tr-left box-size\">Tariff Code &#8211; 8512200030<\/div>\n<\/div>\n<div class=\"pm-table-row\">\n<div class=\"pm-tr-left box-size\">Temperaturbereich &#8211; -20\u00b0C\/+50\u00b0C<\/div>\n<\/div>\n<div class=\"pm-table-row\">\n<div class=\"pm-tr-left box-size\">Volt V &#8211; 12V<\/div>\n<div class=\"pm-tr-left box-size\">Zertifizierung &#8211; EMC, CE, RoHS<\/div>\n<\/div>\n<div class=\"pm-table-row\">\n<div class=\"pm-tr-left box-size\">\n<div class=\"pm-table-row\">\n<div class=\"pm-tr-left box-size\">Armatur &#8211; magnetisch<\/div>\n<\/div>\n<div class=\"pm-table-row\">\n<div class=\"pm-tr-left box-size\">Batterie im Standby Modus &#8211; 20 Stunden<\/div>\n<\/div>\n<div class=\"pm-table-row\">\n<div class=\"pm-tr-left box-size\">Batterietyp &#8211; 3.7V, 2000mAh lithium battery<\/div>\n<\/div>\n<div class=\"pm-table-row\">\n<div class=\"pm-tr-left box-size\">Befestigung &#8211; magnetisch<\/div>\n<\/div>\n<div class=\"pm-table-row\">\n<div class=\"pm-tr-left box-size\">Betriebszeit &#8211; 10 Stunden R\u00fcckleuchte, 10 Stunden Number Plate, 3 Stunden Blinker, 3 Stunden Bremse<\/div>\n<\/div>\n<div class=\"pm-table-row\">\n<div class=\"pm-tr-left box-size\">Enth\u00e4lt &#8211; 1\u00a0x 1 LH-R\u00fcckleuchte, 1 x\u00a0RH-R\u00fcckleuchte und 1 x Sender, kompatibel mit\u00a0CAN-Bus (Controlled Area Network)<\/div>\n<\/div>\n<div class=\"pm-table-row\">\n<div class=\"pm-tr-left box-size\">Funktion &#8211; Bremslicht \/ R\u00fccklicht \/ Blinker \/ Kennzeichenbeleuchtung<\/div>\n<\/div>\n<div class=\"pm-table-row\">\n<div class=\"pm-tr-left box-size\">Gl\u00fchlampentyp &#8211; LED<\/div>\n<\/div>\n<div class=\"pm-table-row\">\n<div class=\"pm-tr-left box-size\">Homologiert &#8211; ECE Reg 10, E-Pr\u00fcfzeichen, CE RoHS<\/div>\n<\/div>\n<\/div>\n<\/div>\n<\/div>\n","protected":false},"excerpt":{"rendered":"<p>Produktnummer:\u00a030130977 Herstellernummer:\u00a0130977 Warum sollten Sie sich f\u00fcr Connix entscheiden? Es muss kein Kabel angeschlossen werden, es verbindet sich mit den Steuerelementen ohne l\u00e4stige Kabel, die immer im Weg sind. &#8222;Wie wird es geladen?&#8220; &#8211; Es ist wiederaufladbar! Laden Sie es 4 Stunden und nutzen Sie es f\u00fcr 10 Stunden. Es ist magnetisch &#8211; Wechsel zwischen [&hellip;]<\/p>\n","protected":false},"featured_media":173777,"comment_status":"closed","ping_status":"closed","template":"","meta":[],"product_cat":[41],"product_tag":[],"class_list":{"0":"post-119849","1":"product","2":"type-product","3":"status-publish","4":"has-post-thumbnail","6":"product_cat-bestandsabfragen","8":"first","9":"instock","10":"sale","11":"purchasable","12":"product-type-simple"},"yoast_head":"<!-- This site is optimized with the Yoast SEO plugin v24.9 - https:\/\/yoast.com\/wordpress\/plugins\/seo\/ -->\n<title>Connix LED Leuchtensatz kabellos - Eggers Testshop<\/title>\n<meta name=\"robots\" content=\"noindex, follow, max-snippet:-1, max-image-preview:large, max-video-preview:-1\" \/>\n<meta property=\"og:locale\" content=\"de_DE\" \/>\n<meta property=\"og:type\" content=\"article\" \/>\n<meta property=\"og:title\" content=\"Connix LED Leuchtensatz kabellos - Eggers Testshop\" \/>\n<meta property=\"og:description\" content=\"Produktnummer:\u00a030130977 Herstellernummer:\u00a0130977 Warum sollten Sie sich f\u00fcr Connix entscheiden? Es muss kein Kabel angeschlossen werden, es verbindet sich mit den Steuerelementen ohne l\u00e4stige Kabel, die immer im Weg sind. &#8222;Wie wird es geladen?&#8220; &#8211; Es ist wiederaufladbar! Laden Sie es 4 Stunden und nutzen Sie es f\u00fcr 10 Stunden. Es ist magnetisch &#8211; Wechsel zwischen [&hellip;]\" \/>\n<meta property=\"og:url\" content=\"https:\/\/eggers-wp-shop2.mission-webstyle.de\/?product=connix-led-leuchtensatz-kabellos\" \/>\n<meta property=\"og:site_name\" content=\"Eggers Testshop\" \/>\n<meta property=\"article:modified_time\" content=\"2025-01-30T12:53:23+00:00\" \/>\n<meta property=\"og:image\" content=\"https:\/\/eggers-wp-shop2.mission-webstyle.de\/wp-content\/uploads\/2024\/11\/1_3_800x800.jpeg\" \/>\n\t<meta property=\"og:image:width\" content=\"800\" \/>\n\t<meta property=\"og:image:height\" content=\"568\" \/>\n\t<meta property=\"og:image:type\" content=\"image\/jpeg\" \/>\n<meta name=\"twitter:card\" content=\"summary_large_image\" \/>\n<meta name=\"twitter:label1\" content=\"Gesch\u00e4tzte Lesezeit\" \/>\n\t<meta name=\"twitter:data1\" content=\"1\u00a0Minute\" \/>\n<script type=\"application\/ld+json\" class=\"yoast-schema-graph\">{\"@context\":\"https:\/\/schema.org\",\"@graph\":[{\"@type\":\"WebPage\",\"@id\":\"https:\/\/eggers-wp-shop2.mission-webstyle.de\/?product=connix-led-leuchtensatz-kabellos\",\"url\":\"https:\/\/eggers-wp-shop2.mission-webstyle.de\/?product=connix-led-leuchtensatz-kabellos\",\"name\":\"Connix LED Leuchtensatz kabellos - Eggers Testshop\",\"isPartOf\":{\"@id\":\"https:\/\/eggers-wp-shop2.mission-webstyle.de\/#website\"},\"primaryImageOfPage\":{\"@id\":\"https:\/\/eggers-wp-shop2.mission-webstyle.de\/?product=connix-led-leuchtensatz-kabellos#primaryimage\"},\"image\":{\"@id\":\"https:\/\/eggers-wp-shop2.mission-webstyle.de\/?product=connix-led-leuchtensatz-kabellos#primaryimage\"},\"thumbnailUrl\":\"https:\/\/eggers-wp-shop2.mission-webstyle.de\/wp-content\/uploads\/2024\/11\/1_3_800x800.jpeg\",\"datePublished\":\"2025-01-01T10:29:53+00:00\",\"dateModified\":\"2025-01-30T12:53:23+00:00\",\"breadcrumb\":{\"@id\":\"https:\/\/eggers-wp-shop2.mission-webstyle.de\/?product=connix-led-leuchtensatz-kabellos#breadcrumb\"},\"inLanguage\":\"de\",\"potentialAction\":[{\"@type\":\"ReadAction\",\"target\":[\"https:\/\/eggers-wp-shop2.mission-webstyle.de\/?product=connix-led-leuchtensatz-kabellos\"]}]},{\"@type\":\"ImageObject\",\"inLanguage\":\"de\",\"@id\":\"https:\/\/eggers-wp-shop2.mission-webstyle.de\/?product=connix-led-leuchtensatz-kabellos#primaryimage\",\"url\":\"https:\/\/eggers-wp-shop2.mission-webstyle.de\/wp-content\/uploads\/2024\/11\/1_3_800x800.jpeg\",\"contentUrl\":\"https:\/\/eggers-wp-shop2.mission-webstyle.de\/wp-content\/uploads\/2024\/11\/1_3_800x800.jpeg\",\"width\":800,\"height\":568},{\"@type\":\"BreadcrumbList\",\"@id\":\"https:\/\/eggers-wp-shop2.mission-webstyle.de\/?product=connix-led-leuchtensatz-kabellos#breadcrumb\",\"itemListElement\":[{\"@type\":\"ListItem\",\"position\":1,\"name\":\"Startseite\",\"item\":\"https:\/\/eggers-wp-shop2.mission-webstyle.de\/\"},{\"@type\":\"ListItem\",\"position\":2,\"name\":\"Shop\",\"item\":\"https:\/\/eggers-wp-shop2.mission-webstyle.de\/\"},{\"@type\":\"ListItem\",\"position\":3,\"name\":\"Connix LED Leuchtensatz kabellos\"}]},{\"@type\":\"WebSite\",\"@id\":\"https:\/\/eggers-wp-shop2.mission-webstyle.de\/#website\",\"url\":\"https:\/\/eggers-wp-shop2.mission-webstyle.de\/\",\"name\":\"Eggers Testshop\",\"description\":\"\",\"publisher\":{\"@id\":\"https:\/\/eggers-wp-shop2.mission-webstyle.de\/#organization\"},\"potentialAction\":[{\"@type\":\"SearchAction\",\"target\":{\"@type\":\"EntryPoint\",\"urlTemplate\":\"https:\/\/eggers-wp-shop2.mission-webstyle.de\/?s={search_term_string}\"},\"query-input\":{\"@type\":\"PropertyValueSpecification\",\"valueRequired\":true,\"valueName\":\"search_term_string\"}}],\"inLanguage\":\"de\"},{\"@type\":\"Organization\",\"@id\":\"https:\/\/eggers-wp-shop2.mission-webstyle.de\/#organization\",\"name\":\"Eggers Testshop\",\"url\":\"https:\/\/eggers-wp-shop2.mission-webstyle.de\/\",\"logo\":{\"@type\":\"ImageObject\",\"inLanguage\":\"de\",\"@id\":\"https:\/\/eggers-wp-shop2.mission-webstyle.de\/#\/schema\/logo\/image\/\",\"url\":\"https:\/\/eggers-wp-shop2.mission-webstyle.de\/wp-content\/uploads\/2025\/01\/Logo-300x64-1-1.png\",\"contentUrl\":\"https:\/\/eggers-wp-shop2.mission-webstyle.de\/wp-content\/uploads\/2025\/01\/Logo-300x64-1-1.png\",\"width\":300,\"height\":64,\"caption\":\"Eggers Testshop\"},\"image\":{\"@id\":\"https:\/\/eggers-wp-shop2.mission-webstyle.de\/#\/schema\/logo\/image\/\"}}]}<\/script>\n<!-- \/ Yoast SEO plugin. -->","yoast_head_json":{"title":"Connix LED Leuchtensatz kabellos - Eggers Testshop","robots":{"index":"noindex","follow":"follow","max-snippet":"max-snippet:-1","max-image-preview":"max-image-preview:large","max-video-preview":"max-video-preview:-1"},"og_locale":"de_DE","og_type":"article","og_title":"Connix LED Leuchtensatz kabellos - Eggers Testshop","og_description":"Produktnummer:\u00a030130977 Herstellernummer:\u00a0130977 Warum sollten Sie sich f\u00fcr Connix entscheiden? Es muss kein Kabel angeschlossen werden, es verbindet sich mit den Steuerelementen ohne l\u00e4stige Kabel, die immer im Weg sind. &#8222;Wie wird es geladen?&#8220; &#8211; Es ist wiederaufladbar! Laden Sie es 4 Stunden und nutzen Sie es f\u00fcr 10 Stunden. Es ist magnetisch &#8211; Wechsel zwischen [&hellip;]","og_url":"https:\/\/eggers-wp-shop2.mission-webstyle.de\/?product=connix-led-leuchtensatz-kabellos","og_site_name":"Eggers Testshop","article_modified_time":"2025-01-30T12:53:23+00:00","og_image":[{"width":800,"height":568,"url":"https:\/\/eggers-wp-shop2.mission-webstyle.de\/wp-content\/uploads\/2024\/11\/1_3_800x800.jpeg","type":"image\/jpeg"}],"twitter_card":"summary_large_image","twitter_misc":{"Gesch\u00e4tzte Lesezeit":"1\u00a0Minute"},"schema":{"@context":"https:\/\/schema.org","@graph":[{"@type":"WebPage","@id":"https:\/\/eggers-wp-shop2.mission-webstyle.de\/?product=connix-led-leuchtensatz-kabellos","url":"https:\/\/eggers-wp-shop2.mission-webstyle.de\/?product=connix-led-leuchtensatz-kabellos","name":"Connix LED Leuchtensatz kabellos - Eggers Testshop","isPartOf":{"@id":"https:\/\/eggers-wp-shop2.mission-webstyle.de\/#website"},"primaryImageOfPage":{"@id":"https:\/\/eggers-wp-shop2.mission-webstyle.de\/?product=connix-led-leuchtensatz-kabellos#primaryimage"},"image":{"@id":"https:\/\/eggers-wp-shop2.mission-webstyle.de\/?product=connix-led-leuchtensatz-kabellos#primaryimage"},"thumbnailUrl":"https:\/\/eggers-wp-shop2.mission-webstyle.de\/wp-content\/uploads\/2024\/11\/1_3_800x800.jpeg","datePublished":"2025-01-01T10:29:53+00:00","dateModified":"2025-01-30T12:53:23+00:00","breadcrumb":{"@id":"https:\/\/eggers-wp-shop2.mission-webstyle.de\/?product=connix-led-leuchtensatz-kabellos#breadcrumb"},"inLanguage":"de","potentialAction":[{"@type":"ReadAction","target":["https:\/\/eggers-wp-shop2.mission-webstyle.de\/?product=connix-led-leuchtensatz-kabellos"]}]},{"@type":"ImageObject","inLanguage":"de","@id":"https:\/\/eggers-wp-shop2.mission-webstyle.de\/?product=connix-led-leuchtensatz-kabellos#primaryimage","url":"https:\/\/eggers-wp-shop2.mission-webstyle.de\/wp-content\/uploads\/2024\/11\/1_3_800x800.jpeg","contentUrl":"https:\/\/eggers-wp-shop2.mission-webstyle.de\/wp-content\/uploads\/2024\/11\/1_3_800x800.jpeg","width":800,"height":568},{"@type":"BreadcrumbList","@id":"https:\/\/eggers-wp-shop2.mission-webstyle.de\/?product=connix-led-leuchtensatz-kabellos#breadcrumb","itemListElement":[{"@type":"ListItem","position":1,"name":"Startseite","item":"https:\/\/eggers-wp-shop2.mission-webstyle.de\/"},{"@type":"ListItem","position":2,"name":"Shop","item":"https:\/\/eggers-wp-shop2.mission-webstyle.de\/"},{"@type":"ListItem","position":3,"name":"Connix LED Leuchtensatz kabellos"}]},{"@type":"WebSite","@id":"https:\/\/eggers-wp-shop2.mission-webstyle.de\/#website","url":"https:\/\/eggers-wp-shop2.mission-webstyle.de\/","name":"Eggers Testshop","description":"","publisher":{"@id":"https:\/\/eggers-wp-shop2.mission-webstyle.de\/#organization"},"potentialAction":[{"@type":"SearchAction","target":{"@type":"EntryPoint","urlTemplate":"https:\/\/eggers-wp-shop2.mission-webstyle.de\/?s={search_term_string}"},"query-input":{"@type":"PropertyValueSpecification","valueRequired":true,"valueName":"search_term_string"}}],"inLanguage":"de"},{"@type":"Organization","@id":"https:\/\/eggers-wp-shop2.mission-webstyle.de\/#organization","name":"Eggers Testshop","url":"https:\/\/eggers-wp-shop2.mission-webstyle.de\/","logo":{"@type":"ImageObject","inLanguage":"de","@id":"https:\/\/eggers-wp-shop2.mission-webstyle.de\/#\/schema\/logo\/image\/","url":"https:\/\/eggers-wp-shop2.mission-webstyle.de\/wp-content\/uploads\/2025\/01\/Logo-300x64-1-1.png","contentUrl":"https:\/\/eggers-wp-shop2.mission-webstyle.de\/wp-content\/uploads\/2025\/01\/Logo-300x64-1-1.png","width":300,"height":64,"caption":"Eggers Testshop"},"image":{"@id":"https:\/\/eggers-wp-shop2.mission-webstyle.de\/#\/schema\/logo\/image\/"}}]}},"_links":{"self":[{"href":"https:\/\/eggers-wp-shop2.mission-webstyle.de\/index.php?rest_route=\/wp\/v2\/product\/119849","targetHints":{"allow":["GET"]}}],"collection":[{"href":"https:\/\/eggers-wp-shop2.mission-webstyle.de\/index.php?rest_route=\/wp\/v2\/product"}],"about":[{"href":"https:\/\/eggers-wp-shop2.mission-webstyle.de\/index.php?rest_route=\/wp\/v2\/types\/product"}],"replies":[{"embeddable":true,"href":"https:\/\/eggers-wp-shop2.mission-webstyle.de\/index.php?rest_route=%2Fwp%2Fv2%2Fcomments&post=119849"}],"wp:featuredmedia":[{"embeddable":true,"href":"https:\/\/eggers-wp-shop2.mission-webstyle.de\/index.php?rest_route=\/wp\/v2\/media\/173777"}],"wp:attachment":[{"href":"https:\/\/eggers-wp-shop2.mission-webstyle.de\/index.php?rest_route=%2Fwp%2Fv2%2Fmedia&parent=119849"}],"wp:term":[{"taxonomy":"product_cat","embeddable":true,"href":"https:\/\/eggers-wp-shop2.mission-webstyle.de\/index.php?rest_route=%2Fwp%2Fv2%2Fproduct_cat&post=119849"},{"taxonomy":"product_tag","embeddable":true,"href":"https:\/\/eggers-wp-shop2.mission-webstyle.de\/index.php?rest_route=%2Fwp%2Fv2%2Fproduct_tag&post=119849"}],"curies":[{"name":"wp","href":"https:\/\/api.w.org\/{rel}","templated":true}]}}